{"id":4289,"date":"2022-05-02T14:21:10","date_gmt":"2022-05-02T12:21:10","guid":{"rendered":"https:\/\/febesol.website-npgdigital.de\/?page_id=4289"},"modified":"2024-02-07T10:03:06","modified_gmt":"2024-02-07T09:03:06","slug":"condiciones-generales","status":"publish","type":"page","link":"https:\/\/febesol.es\/es\/condiciones-generales\/","title":{"rendered":"Condiciones generales"},"content":{"rendered":"\t\t<div data-elementor-type=\"wp-page\" data-elementor-id=\"4289\" class=\"elementor elementor-4289\" data-elementor-post-type=\"page\">\n\t\t\t\t\t\t<section class=\"elementor-section elementor-top-section elementor-element elementor-element-aba4562 elementor-section-boxed elementor-section-height-default elementor-section-height-default\" data-id=\"aba4562\" data-element_type=\"section\" data-e-type=\"section\">\n\t\t\t\t\t\t<div class=\"elementor-container elementor-column-gap-default\">\n\t\t\t\t\t<div class=\"elementor-column elementor-col-100 elementor-top-column elementor-element elementor-element-53e0bf9\" data-id=\"53e0bf9\" data-element_type=\"column\" data-e-type=\"column\">\n\t\t\t<div class=\"elementor-widget-wrap elementor-element-populated\">\n\t\t\t\t\t\t<div class=\"elementor-element elementor-element-20999d6 elementor-widget elementor-widget-heading\" data-id=\"20999d6\" data-element_type=\"widget\" data-e-type=\"widget\" data-widget_type=\"heading.default\">\n\t\t\t\t<div class=\"elementor-widget-container\">\n\t\t\t\t\t<h1 class=\"elementor-heading-title elementor-size-default\">Condiciones generales<\/h1>\t\t\t\t<\/div>\n\t\t\t\t<\/div>\n\t\t\t\t<div class=\"elementor-element elementor-element-0b0ff22 elementor-widget elementor-widget-text-editor\" data-id=\"0b0ff22\" data-element_type=\"widget\" data-e-type=\"widget\" data-widget_type=\"text-editor.default\">\n\t\t\t\t<div class=\"elementor-widget-container\">\n\t\t\t\t\t\t\t\t\t<p><strong>FEBESOL GmbH<\/strong><\/p><p><strong>Para contratos con clientes sobre sistemas fotovoltaicos, componentes de sistemas fotovoltaicos, as\u00ed como sistemas para la generaci\u00f3n y almacenamiento de energ\u00edas renovables (Fecha 07.02.2022)<\/strong><\/p><h3><strong>1 \u00c1mbito de aplicaci\u00f3n y jerarqu\u00eda<\/strong><\/h3><p>1.1 Estas Condiciones Generales de Venta (\u00abCGV\u00bb) se aplican a los contratos entre FEBESOL GmbH (\u00abFEBESOL\u00bb) y los clientes, que incluyen la venta y entrega (\u00abcontratos de compra\u00bb) o tanto la venta y entrega como la instalaci\u00f3n (\u00abcontratos de obra\u00bb) de sistemas fotovoltaicos, componentes de sistemas fotovoltaicos, as\u00ed como sistemas para la generaci\u00f3n y almacenamiento de energ\u00edas renovables.<\/p><p>1.2 Las disposiciones de estas CGV se aplican tanto a contratos de compra como a contratos de obra, a menos que se especifique de otra manera en una disposici\u00f3n particular.<\/p><p>1.3 Estas CGV son aplicables tanto a consumidores conforme a \u00a7 13 BGB como a empresarios conforme a \u00a7 14 BGB (en adelante referidos conjuntamente como \u00abclientes\u00bb), a menos que una disposici\u00f3n especifique lo contrario.<\/p><p>1.4 Los consumidores son clientes que desean generar energ\u00eda con su sistema fotovoltaico o cualquier otro sistema para la generaci\u00f3n de energ\u00edas renovables, principalmente para su propio consumo privado.<\/p><p>1.5 Las disposiciones contenidas en la oferta de FEBESOL tienen prioridad sobre estas CGV.<\/p><p>1.6 Las Condiciones Generales de Venta que contradigan o complementen estas CGV (\u00abcondiciones divergentes\u00bb) solo se aplicar\u00e1n en la medida en que FEBESOL haya dado su consentimiento expreso por escrito.<\/p><p>1.7 Se rechaza expresamente cualquier otra condici\u00f3n divergente a la que haga referencia en ofertas, confirmaciones de pedido o cartas de confirmaci\u00f3n.<\/p><h3><strong>2 Conclusi\u00f3n del contrato<\/strong><\/h3><p>2.1 La oferta presentada por FEBESOL se considera una invitaci\u00f3n para que usted realice una oferta.<\/p><p>2.2 Usted realiza una oferta a FEBESOL cuando devuelve la oferta firmada a FEBESOL. FEBESOL revisar\u00e1 la oferta y le enviar\u00e1 una confirmaci\u00f3n por escrito. El contrato se considera celebrado una vez que reciba esta confirmaci\u00f3n.<\/p><p>2.3 Cualquier cambio en el alcance del servicio acordado requiere un acuerdo entre FEBESOL y usted por escrito para ser efectivo.<\/p><p>2.4 En caso de que se acuerde que FEBESOL solicite la conexi\u00f3n a la red del sistema fotovoltaico u otro sistema para la generaci\u00f3n de energ\u00edas renovables en nombre suyo al operador de red correspondiente, el contrato se establece bajo la condici\u00f3n suspensiva de que el operador de red apruebe la solicitud. FEBESOL requerir\u00e1 su autorizaci\u00f3n para solicitar la conexi\u00f3n a la red.<\/p><h3><strong>3 Servicios no incluidos en el contrato<\/strong><\/h3><p>3.1 No est\u00e1 incluida en el alcance de los servicios la revisi\u00f3n de si el edificio u otra construcci\u00f3n (\u00abestructura arquitect\u00f3nica\u00bb), en la cual se deber\u00e1 montar el sistema fotovoltaico o el otro sistema para la generaci\u00f3n de energ\u00edas renovables, cumple con los requisitos estructurales para la instalaci\u00f3n y operaci\u00f3n del sistema fotovoltaico (o el otro sistema para la generaci\u00f3n de energ\u00edas renovables), especialmente en t\u00e9rminos de la est\u00e1tica de la estructura arquitect\u00f3nica y las especificaciones del fabricante.<\/p><p>3.2 Tampoco est\u00e1 incluida en el alcance de los servicios la revisi\u00f3n de si se cumplen los requisitos legales para la instalaci\u00f3n y operaci\u00f3n del sistema fotovoltaico (o el otro sistema para la generaci\u00f3n de energ\u00edas renovables), especialmente en relaci\u00f3n con permisos, por ejemplo, permisos de construcci\u00f3n u otros requisitos de planificaci\u00f3n de construcci\u00f3n.<\/p><p>3.3 Adem\u00e1s, no est\u00e1n incluidos en el alcance de los servicios otros componentes que puedan ser necesarios para la operaci\u00f3n del sistema fotovoltaico (o el otro sistema para la generaci\u00f3n de energ\u00edas renovables) que no est\u00e9n expresamente especificados como parte del alcance de los servicios.<\/p><h3><strong>4 C\u00e1lculos modelo<\/strong><\/h3><p>4.1 Tenga en cuenta que el rendimiento real de un sistema fotovoltaico o de otro sistema para la generaci\u00f3n de energ\u00edas renovables (por ejemplo, debido a variaciones clim\u00e1ticas, acumulaci\u00f3n de suciedad en los m\u00f3dulos, eficiencia de los m\u00f3dulos y convertidores) puede diferir de los resultados mostrados en los c\u00e1lculos modelo.<\/p><p>4.2 Los c\u00e1lculos modelo realizados durante la fase de propuesta y ejecuci\u00f3n del contrato sobre el rendimiento del sistema fotovoltaico o de otro sistema para la generaci\u00f3n de energ\u00edas renovables (rendimiento anual esperado, etc.) no constituyen una declaraci\u00f3n de FEBESOL sobre la calidad del sistema fotovoltaico seg\u00fan \u00a7 434 BGB o \u00a7 633 BGB, ni representan una garant\u00eda seg\u00fan \u00a7 443 BGB u otra garant\u00eda.<\/p><h3><strong>5 Obligaciones de colaboraci\u00f3n de los clientes (solo para contratos de obra)<\/strong><\/h3><p>5.1 Durante la ejecuci\u00f3n de los trabajos, usted debe proporcionar a FEBESOL \u00e1reas suficientemente protegidas para el almacenamiento de los componentes del sistema fotovoltaico o del otro sistema para la generaci\u00f3n de energ\u00edas renovables junto con los materiales de montaje correspondientes (\u00abmateriales\u00bb).<\/p><p>5.2 Usted debe asegurarse de que los materiales almacenados en su propiedad durante la ejecuci\u00f3n de los trabajos no sean da\u00f1ados o robados por terceros o que no se pierdan de ninguna otra manera (ver tambi\u00e9n la secci\u00f3n de responsabilidad 9.10).<\/p><p>5.3 Usted debe tomar las medidas necesarias para asegurar que los trabajos se puedan llevar a cabo sin interrupciones dentro de los plazos acordados contractualmente.<\/p><h3><strong>6 Fechas<\/strong><\/h3><p>Las fechas indicadas solo proporcionan informaci\u00f3n sobre los per\u00edodos de entrega o montaje planificados; se basan en las especificaciones de los respectivos fabricantes. FEBESOL coordinar\u00e1 las fechas de entrega o montaje con usted.<\/p><h3><strong>7 Condiciones de pago<\/strong><\/h3><p>7.1 A menos que se acuerde lo contrario, la facturaci\u00f3n para contratos de compra se realiza despu\u00e9s de la entrega, y para contratos de obra, despu\u00e9s de la aceptaci\u00f3n.<\/p><p>7.2 Las facturas son pagaderas de inmediato sin deducciones.<\/p><p>7.3 Los pagos deben realizarse mediante transferencia al cuenta indicada en la factura de FEBESOL.<\/p><h3><strong>8 Reserva de propiedad<\/strong><\/h3><p>8.1 FEBESOL se reserva la propiedad de los componentes entregados o instalados hasta que se haya pagado completamente el precio total acordado (incluido el IVA) y los gastos e intereses reclamados en caso de demora en el pago.<\/p><p>8.2 Mientras la propiedad no haya sido transferida a usted, no est\u00e1 autorizado a vender el sistema fotovoltaico o el otro sistema para la generaci\u00f3n de energ\u00edas renovables o sus componentes individuales.<\/p><h3>9 Responsabilidad<\/h3><p>9.1 Los consumidores deben notificar a FEBESOL cualquier defecto evidente, con una breve descripci\u00f3n del mismo, dentro de un plazo de 14 d\u00edas desde la entrega o aceptaci\u00f3n, siendo suficiente el env\u00edo a tiempo para la conservaci\u00f3n del plazo; de lo contrario, se excluyen las reclamaciones por da\u00f1os y perjuicios basadas en defectos evidentes.<\/p><p>9.2 En caso de defectos, usted puede solicitar la subsanaci\u00f3n dentro de un plazo razonable. La subsanaci\u00f3n se realizar\u00e1, a elecci\u00f3n de FEBESOL, mediante la correcci\u00f3n del defecto o la entrega de un art\u00edculo sin defectos.<\/p><p>9.3 Si FEBESOL entrega un art\u00edculo sin defectos para la subsanaci\u00f3n, puede requerir la devoluci\u00f3n del art\u00edculo defectuoso.<\/p><p>9.4 Si la subsanaci\u00f3n falla, usted puede ejercer su derecho a reducir el precio o a rescindir el contrato. Esto no afecta el derecho a reclamar da\u00f1os y perjuicios o compensaci\u00f3n por gastos.<\/p><p>9.5 FEBESOL es responsable sin limitaci\u00f3n por da\u00f1os causados intencionalmente o por negligencia grave, por lesiones a la vida, al cuerpo o a la salud, por garant\u00edas asumidas, as\u00ed como seg\u00fan las disposiciones de la Ley de Responsabilidad por Productos.<\/p><p>9.6 En caso de otros da\u00f1os basados en la violaci\u00f3n negligente de obligaciones contractuales fundamentales (\u00abobligaciones cardinales\u00bb), la responsabilidad de FEBESOL est\u00e1 limitada a los da\u00f1os previsibles y t\u00edpicos del contrato. Las obligaciones cardinales son aquellas cuya cumplimiento hace posible la ejecuci\u00f3n adecuada del contrato y en cuyo cumplimiento usted puede confiar.<\/p><p>9.7 En caso de otros da\u00f1os basados en la violaci\u00f3n negligente de obligaciones contractuales no fundamentales, la responsabilidad de FEBESOL est\u00e1 limitada al precio total acordado (sin IVA).<\/p><p>9.8 FEBESOL no es responsable por da\u00f1os resultantes de la idoneidad insuficiente (incluidas las debilidades del material, defectos de dise\u00f1o, insuficiencia estructural) de la estructura arquitect\u00f3nica en o sobre la cual se debe instalar el sistema fotovoltaico o el otro sistema para la generaci\u00f3n de energ\u00edas renovables.<\/p><p>9.9 FEBESOL no es responsable por da\u00f1os a componentes del sistema fotovoltaico o del otro sistema para la generaci\u00f3n de energ\u00edas renovables o materiales da\u00f1ados o robados por usted o terceros durante la ejecuci\u00f3n de los trabajos de montaje. En este contexto, terceros no incluyen representantes legales de FEBESOL ni personas empleadas por FEBESOL para cumplir con sus obligaciones contractuales. Es su responsabilidad asegurar estos riesgos mediante seguros adecuados.<\/p><p>9.10 FEBESOL no es responsable de defectos resultantes del uso del producto contrario a las especificaciones del fabricante seg\u00fan la hoja de datos de rendimiento correspondiente.<\/p><h3>10 Prescripci\u00f3n de Derechos por Defectos<\/h3><p>10.1 Para contratos con consumidores, el per\u00edodo de prescripci\u00f3n para reclamaciones y derechos debido a defectos, por cualquier base legal, es de dos a\u00f1os a partir del inicio del per\u00edodo de prescripci\u00f3n legal.<\/p><p>10.2 Para contratos con empresarios, el per\u00edodo de prescripci\u00f3n para reclamaciones y derechos debido a defectos, por cualquier base legal, es de un a\u00f1o a partir del inicio del per\u00edodo de prescripci\u00f3n legal.<\/p><p>10.3 Los per\u00edodos de prescripci\u00f3n mencionados anteriormente no aplican en caso de ocultamiento fraudulento de un defecto, da\u00f1os causados intencionalmente o por negligencia grave, lesiones a la vida, al cuerpo o a la salud, o la violaci\u00f3n negligente de obligaciones contractuales fundamentales (\u00abobligaciones cardinales\u00bb). Las obligaciones cardinales son aquellas cuya cumplimiento hace posible la ejecuci\u00f3n adecuada del contrato y en cuyo cumplimiento usted puede confiar.<\/p><h3>11 Garant\u00edas del Fabricante<\/h3><p>En la medida en que se incluyan declaraciones del fabricante con los componentes del sistema fotovoltaico o del otro sistema para la generaci\u00f3n de energ\u00edas renovables, por ejemplo, garant\u00edas, estas constituyen contratos independientes entre usted y el fabricante. Puede hacer valer derechos de estos contratos directamente contra el fabricante respectivo.<\/p><h3>12 Jurisdicci\u00f3n y Derecho Aplicable<\/h3><p>12.1 Paracontratos con consumidores, el foro competente para todas las disputas derivadas de o relacionadas con este contrato ser\u00e1 el lugar de residencia o, si no existe tal, el lugar de estancia habitual del consumidor en el momento de presentar la demanda. Si, despu\u00e9s de la conclusi\u00f3n del contrato, usted traslada su residencia o lugar de estancia habitual fuera del territorio de la Rep\u00fablica Federal de Alemania, o si su residencia o lugar de estancia habitual no es conocido en el momento de presentar la demanda, el foro competente para todas las disputas ser\u00e1 Mannheim.<\/p><p>12.2 Para contratos con empresarios, el foro competente para todas las disputas ser\u00e1 Mannheim.<\/p><p>12.3 Se aplica el derecho de la Rep\u00fablica Federal de Alemania. La Convenci\u00f3n de las Naciones Unidas sobre Contratos de Compraventa Internacional de Mercader\u00edas (CISG) no se aplica.<\/p><h3>14 Otros<\/h3><p>14.1 FEBESOL tiene el derecho de subcontratar a terceros para cumplir con sus obligaciones contractuales.<\/p><p>14.2 Usted solo puede compensar sus reclamaciones contra las reclamaciones de FEBESOL si sus reclamaciones son indiscutibles o han sido legalmente establecidas.<\/p><p>14.3 Cualquier cambio en el contrato requiere la forma escrita.<\/p><p>14.4 Si alguna disposici\u00f3n de este contrato es total o parcialmente inv\u00e1lida o inaplicable, esto no afectar\u00e1 la validez y aplicabilidad de todas las dem\u00e1s disposiciones de este contrato. Si las disposiciones de este contrato contravienen disposiciones legales obligatorias, se mantendr\u00e1n en la medida en que sean legalmente permitidas. La disposici\u00f3n inv\u00e1lida o inaplicable se considerar\u00e1 reemplazada por aquella disposici\u00f3n v\u00e1lida y aplicable que se acerque m\u00e1s al prop\u00f3sito econ\u00f3mico perseguido por las partes con la disposici\u00f3n inv\u00e1lida o inaplicable. Esto tambi\u00e9n se aplica en caso de lagunas en este contrato.<\/p><p>Con esto, he completado la traducci\u00f3n solicitada de los segmentos espec\u00edficos del documento. Si necesitas m\u00e1s asistencia o hay otras secciones que requieran traducci\u00f3n, estar\u00e9 encantado de ayudar.<\/p><h3><strong>15 Contacto<\/strong><\/h3><p>FEBESOL GmbH Opelstr. 19, 68789 St. Leon-Rot, Alemania Tel\u00e9fono: 06227 \u2013 78 93 10 0 Email: <a target=\"_new\">mail@febesol.es<\/a> P\u00e1gina web: <a href=\"http:\/\/www.febesol.de\/\" target=\"_new\">www.febesol.de<\/a><\/p>\t\t\t\t\t\t\t\t<\/div>\n\t\t\t\t<\/div>\n\t\t\t\t\t<\/div>\n\t\t<\/div>\n\t\t\t\t\t<\/div>\n\t\t<\/section>\n\t\t\t\t<\/div>\n\t\t","protected":false},"excerpt":{"rendered":"<p>Condiciones generales FEBESOL GmbH Para contratos con clientes sobre sistemas fotovoltaicos, componentes de sistemas fotovoltaicos, as\u00ed como sistemas para la generaci\u00f3n y almacenamiento de energ\u00edas renovables (Fecha 07.02.2022) 1 \u00c1mbito de aplicaci\u00f3n y jerarqu\u00eda 1.1 Estas Condiciones Generales de Venta (\u00abCGV\u00bb) se aplican a los contratos entre FEBESOL GmbH (\u00abFEBESOL\u00bb) y los clientes, que incluyen [&hellip;]<\/p>\n","protected":false},"author":2,"featured_media":0,"parent":0,"menu_order":0,"comment_status":"closed","ping_status":"closed","template":"elementor_header_footer","meta":{"site-sidebar-layout":"default","site-content-layout":"default","ast-site-content-layout":"default","site-content-style":"default","site-sidebar-style":"default","ast-global-header-display":"","ast-banner-title-visibility":"","ast-main-header-display":"","ast-hfb-above-header-display":"","ast-hfb-below-header-display":"","ast-hfb-mobile-header-display":"","site-post-title":"","ast-breadcrumbs-content":"","ast-featured-img":"","footer-sml-layout":"","ast-disable-related-posts":"","theme-transparent-header-meta":"default","adv-header-id-meta":"","stick-header-meta":"default","header-above-stick-meta":"","header-main-stick-meta":"","header-below-stick-meta":"","astra-migrate-meta-layouts":"set","ast-page-background-enabled":"default","ast-page-background-meta":{"desktop":{"background-color":"","background-image":"","background-repeat":"repeat","background-position":"center center","background-size":"auto","background-attachment":"scroll","background-type":"","background-media":"","overlay-type":"","overlay-color":"","overlay-opacity":"","overlay-gradient":""},"tablet":{"background-color":"","background-image":"","background-repeat":"repeat","background-position":"center center","background-size":"auto","background-attachment":"scroll","background-type":"","background-media":"","overlay-type":"","overlay-color":"","overlay-opacity":"","overlay-gradient":""},"mobile":{"background-color":"","background-image":"","background-repeat":"repeat","background-position":"center center","background-size":"auto","background-attachment":"scroll","background-type":"","background-media":"","overlay-type":"","overlay-color":"","overlay-opacity":"","overlay-gradient":""}},"ast-content-background-meta":{"desktop":{"background-color":"var(--ast-global-color-5)","background-image":"","background-repeat":"repeat","background-position":"center center","background-size":"auto","background-attachment":"scroll","background-type":"","background-media":"","overlay-type":"","overlay-color":"","overlay-opacity":"","overlay-gradient":""},"tablet":{"background-color":"var(--ast-global-color-5)","background-image":"","background-repeat":"repeat","background-position":"center center","background-size":"auto","background-attachment":"scroll","background-type":"","background-media":"","overlay-type":"","overlay-color":"","overlay-opacity":"","overlay-gradient":""},"mobile":{"background-color":"var(--ast-global-color-5)","background-image":"","background-repeat":"repeat","background-position":"center center","background-size":"auto","background-attachment":"scroll","background-type":"","background-media":"","overlay-type":"","overlay-color":"","overlay-opacity":"","overlay-gradient":""}},"footnotes":""},"folder":[47],"class_list":["post-4289","page","type-page","status-publish","hentry"],"yoast_head":"<!-- This site is optimized with the Yoast SEO plugin v27.5 - https:\/\/yoast.com\/product\/yoast-seo-wordpress\/ -->\n<title>Condiciones generales - FEBESOL<\/title>\n<meta name=\"description\" content=\"T\u00e9rminos y Condiciones Generales para contratos de sistemas fotovoltaicos, componentes de sistemas fotovoltaicos y sistemas para la generaci\u00f3n\" \/>\n<meta name=\"robots\" content=\"index, follow, max-snippet:-1, max-image-preview:large, max-video-preview:-1\" \/>\n<link rel=\"canonical\" href=\"https:\/\/febesol.es\/es\/condiciones-generales\/\" \/>\n<meta property=\"og:locale\" content=\"es_ES\" \/>\n<meta property=\"og:type\" content=\"article\" \/>\n<meta property=\"og:title\" content=\"Condiciones generales - FEBESOL\" \/>\n<meta property=\"og:description\" content=\"T\u00e9rminos y Condiciones Generales para contratos de sistemas fotovoltaicos, componentes de sistemas fotovoltaicos y sistemas para la generaci\u00f3n\" \/>\n<meta property=\"og:url\" content=\"https:\/\/febesol.es\/es\/condiciones-generales\/\" \/>\n<meta property=\"og:site_name\" content=\"FEBESOL\" \/>\n<meta property=\"article:modified_time\" content=\"2024-02-07T09:03:06+00:00\" \/>\n<meta name=\"twitter:card\" content=\"summary_large_image\" \/>\n<meta name=\"twitter:label1\" content=\"Tiempo de lectura\" \/>\n\t<meta name=\"twitter:data1\" content=\"10 minutos\" \/>\n<script type=\"application\/ld+json\" class=\"yoast-schema-graph\">{\"@context\":\"https:\\\/\\\/schema.org\",\"@graph\":[{\"@type\":\"WebPage\",\"@id\":\"https:\\\/\\\/febesol.es\\\/es\\\/condiciones-generales\\\/\",\"url\":\"https:\\\/\\\/febesol.es\\\/es\\\/condiciones-generales\\\/\",\"name\":\"Condiciones generales - FEBESOL\",\"isPartOf\":{\"@id\":\"https:\\\/\\\/febesol.es\\\/es\\\/#website\"},\"datePublished\":\"2022-05-02T12:21:10+00:00\",\"dateModified\":\"2024-02-07T09:03:06+00:00\",\"description\":\"T\u00e9rminos y Condiciones Generales para contratos de sistemas fotovoltaicos, componentes de sistemas fotovoltaicos y sistemas para la generaci\u00f3n\",\"breadcrumb\":{\"@id\":\"https:\\\/\\\/febesol.es\\\/es\\\/condiciones-generales\\\/#breadcrumb\"},\"inLanguage\":\"es\",\"potentialAction\":[{\"@type\":\"ReadAction\",\"target\":[\"https:\\\/\\\/febesol.es\\\/es\\\/condiciones-generales\\\/\"]}]},{\"@type\":\"BreadcrumbList\",\"@id\":\"https:\\\/\\\/febesol.es\\\/es\\\/condiciones-generales\\\/#breadcrumb\",\"itemListElement\":[{\"@type\":\"ListItem\",\"position\":1,\"name\":\"Startseite\",\"item\":\"https:\\\/\\\/febesol.es\\\/es\\\/\"},{\"@type\":\"ListItem\",\"position\":2,\"name\":\"Condiciones generales\"}]},{\"@type\":\"WebSite\",\"@id\":\"https:\\\/\\\/febesol.es\\\/es\\\/#website\",\"url\":\"https:\\\/\\\/febesol.es\\\/es\\\/\",\"name\":\"FEBESOL\",\"description\":\"SU EMPRESA ESPECIALIZADA EN PANELES SOLARES\",\"publisher\":{\"@id\":\"https:\\\/\\\/febesol.es\\\/es\\\/#organization\"},\"potentialAction\":[{\"@type\":\"SearchAction\",\"target\":{\"@type\":\"EntryPoint\",\"urlTemplate\":\"https:\\\/\\\/febesol.es\\\/es\\\/?s={search_term_string}\"},\"query-input\":{\"@type\":\"PropertyValueSpecification\",\"valueRequired\":true,\"valueName\":\"search_term_string\"}}],\"inLanguage\":\"es\"},{\"@type\":\"Organization\",\"@id\":\"https:\\\/\\\/febesol.es\\\/es\\\/#organization\",\"name\":\"FEBESOL\",\"url\":\"https:\\\/\\\/febesol.es\\\/es\\\/\",\"logo\":{\"@type\":\"ImageObject\",\"inLanguage\":\"es\",\"@id\":\"https:\\\/\\\/febesol.es\\\/es\\\/#\\\/schema\\\/logo\\\/image\\\/\",\"url\":\"https:\\\/\\\/febesol.es\\\/wp-content\\\/uploads\\\/2023\\\/06\\\/cropped-Febesol_Logo_Transparent_W-01.png\",\"contentUrl\":\"https:\\\/\\\/febesol.es\\\/wp-content\\\/uploads\\\/2023\\\/06\\\/cropped-Febesol_Logo_Transparent_W-01.png\",\"width\":750,\"height\":189,\"caption\":\"FEBESOL\"},\"image\":{\"@id\":\"https:\\\/\\\/febesol.es\\\/es\\\/#\\\/schema\\\/logo\\\/image\\\/\"}}]}<\/script>\n<!-- \/ Yoast SEO plugin. -->","yoast_head_json":{"title":"Condiciones generales - FEBESOL","description":"T\u00e9rminos y Condiciones Generales para contratos de sistemas fotovoltaicos, componentes de sistemas fotovoltaicos y sistemas para la generaci\u00f3n","robots":{"index":"index","follow":"follow","max-snippet":"max-snippet:-1","max-image-preview":"max-image-preview:large","max-video-preview":"max-video-preview:-1"},"canonical":"https:\/\/febesol.es\/es\/condiciones-generales\/","og_locale":"es_ES","og_type":"article","og_title":"Condiciones generales - FEBESOL","og_description":"T\u00e9rminos y Condiciones Generales para contratos de sistemas fotovoltaicos, componentes de sistemas fotovoltaicos y sistemas para la generaci\u00f3n","og_url":"https:\/\/febesol.es\/es\/condiciones-generales\/","og_site_name":"FEBESOL","article_modified_time":"2024-02-07T09:03:06+00:00","twitter_card":"summary_large_image","twitter_misc":{"Tiempo de lectura":"10 minutos"},"schema":{"@context":"https:\/\/schema.org","@graph":[{"@type":"WebPage","@id":"https:\/\/febesol.es\/es\/condiciones-generales\/","url":"https:\/\/febesol.es\/es\/condiciones-generales\/","name":"Condiciones generales - FEBESOL","isPartOf":{"@id":"https:\/\/febesol.es\/es\/#website"},"datePublished":"2022-05-02T12:21:10+00:00","dateModified":"2024-02-07T09:03:06+00:00","description":"T\u00e9rminos y Condiciones Generales para contratos de sistemas fotovoltaicos, componentes de sistemas fotovoltaicos y sistemas para la generaci\u00f3n","breadcrumb":{"@id":"https:\/\/febesol.es\/es\/condiciones-generales\/#breadcrumb"},"inLanguage":"es","potentialAction":[{"@type":"ReadAction","target":["https:\/\/febesol.es\/es\/condiciones-generales\/"]}]},{"@type":"BreadcrumbList","@id":"https:\/\/febesol.es\/es\/condiciones-generales\/#breadcrumb","itemListElement":[{"@type":"ListItem","position":1,"name":"Startseite","item":"https:\/\/febesol.es\/es\/"},{"@type":"ListItem","position":2,"name":"Condiciones generales"}]},{"@type":"WebSite","@id":"https:\/\/febesol.es\/es\/#website","url":"https:\/\/febesol.es\/es\/","name":"FEBESOL","description":"SU EMPRESA ESPECIALIZADA EN PANELES SOLARES","publisher":{"@id":"https:\/\/febesol.es\/es\/#organization"},"potentialAction":[{"@type":"SearchAction","target":{"@type":"EntryPoint","urlTemplate":"https:\/\/febesol.es\/es\/?s={search_term_string}"},"query-input":{"@type":"PropertyValueSpecification","valueRequired":true,"valueName":"search_term_string"}}],"inLanguage":"es"},{"@type":"Organization","@id":"https:\/\/febesol.es\/es\/#organization","name":"FEBESOL","url":"https:\/\/febesol.es\/es\/","logo":{"@type":"ImageObject","inLanguage":"es","@id":"https:\/\/febesol.es\/es\/#\/schema\/logo\/image\/","url":"https:\/\/febesol.es\/wp-content\/uploads\/2023\/06\/cropped-Febesol_Logo_Transparent_W-01.png","contentUrl":"https:\/\/febesol.es\/wp-content\/uploads\/2023\/06\/cropped-Febesol_Logo_Transparent_W-01.png","width":750,"height":189,"caption":"FEBESOL"},"image":{"@id":"https:\/\/febesol.es\/es\/#\/schema\/logo\/image\/"}}]}},"_links":{"self":[{"href":"https:\/\/febesol.es\/es\/wp-json\/wp\/v2\/pages\/4289","targetHints":{"allow":["GET"]}}],"collection":[{"href":"https:\/\/febesol.es\/es\/wp-json\/wp\/v2\/pages"}],"about":[{"href":"https:\/\/febesol.es\/es\/wp-json\/wp\/v2\/types\/page"}],"author":[{"embeddable":true,"href":"https:\/\/febesol.es\/es\/wp-json\/wp\/v2\/users\/2"}],"replies":[{"embeddable":true,"href":"https:\/\/febesol.es\/es\/wp-json\/wp\/v2\/comments?post=4289"}],"version-history":[{"count":5,"href":"https:\/\/febesol.es\/es\/wp-json\/wp\/v2\/pages\/4289\/revisions"}],"predecessor-version":[{"id":12845,"href":"https:\/\/febesol.es\/es\/wp-json\/wp\/v2\/pages\/4289\/revisions\/12845"}],"wp:attachment":[{"href":"https:\/\/febesol.es\/es\/wp-json\/wp\/v2\/media?parent=4289"}],"wp:term":[{"taxonomy":"folder","embeddable":true,"href":"https:\/\/febesol.es\/es\/wp-json\/wp\/v2\/folder?post=4289"}],"curies":[{"name":"wp","href":"https:\/\/api.w.org\/{rel}","templated":true}]}}