{"id":4167,"date":"2022-04-25T14:23:49","date_gmt":"2022-04-25T12:23:49","guid":{"rendered":"https:\/\/febesol.website-npgdigital.de\/?page_id=4167"},"modified":"2024-02-07T09:59:36","modified_gmt":"2024-02-07T08:59:36","slug":"pie-de-imprenta","status":"publish","type":"page","link":"https:\/\/febesol.es\/es\/pie-de-imprenta\/","title":{"rendered":"Pie de imprenta"},"content":{"rendered":"\t\t<div data-elementor-type=\"wp-page\" data-elementor-id=\"4167\" class=\"elementor elementor-4167\" data-elementor-post-type=\"page\">\n\t\t\t\t\t\t<section class=\"elementor-section elementor-top-section elementor-element elementor-element-014416d elementor-section-boxed elementor-section-height-default elementor-section-height-default\" data-id=\"014416d\" data-element_type=\"section\" data-e-type=\"section\">\n\t\t\t\t\t\t<div class=\"elementor-container elementor-column-gap-default\">\n\t\t\t\t\t<div class=\"elementor-column elementor-col-100 elementor-top-column elementor-element elementor-element-a314d60\" data-id=\"a314d60\" data-element_type=\"column\" data-e-type=\"column\">\n\t\t\t<div class=\"elementor-widget-wrap elementor-element-populated\">\n\t\t\t\t\t\t<div class=\"elementor-element elementor-element-7c30fe5 elementor-widget elementor-widget-heading\" data-id=\"7c30fe5\" data-element_type=\"widget\" data-e-type=\"widget\" data-widget_type=\"heading.default\">\n\t\t\t\t<div class=\"elementor-widget-container\">\n\t\t\t\t\t<h1 class=\"elementor-heading-title elementor-size-default\">Pie de imprenta<\/h1>\t\t\t\t<\/div>\n\t\t\t\t<\/div>\n\t\t\t\t<div class=\"elementor-element elementor-element-3c8db1c elementor-widget elementor-widget-text-editor\" data-id=\"3c8db1c\" data-element_type=\"widget\" data-e-type=\"widget\" data-widget_type=\"text-editor.default\">\n\t\t\t\t<div class=\"elementor-widget-container\">\n\t\t\t\t\t\t\t\t\t<p>FEBESOL GmbH<br \/>Opelstr. 19<br \/>68789 St. Leon- Rot<br \/>Representada por los directores gerentes: Daniel Fellhauer, Daniel Bender, Thomas Kercher<\/p><p>Responsable del contenido: Daniel Fellhauer y Daniel Bender<\/p><p>M\u00e1s informaci\u00f3n<br \/>Tribunal de registro: Juzgado municipal de Mannheim<br \/>N\u00famero de registro: HRB 745234<br \/>N\u00famero de identificaci\u00f3n fiscal: DE358012350<\/p><p>Tel\u00e9fono: 06227 &#8211; 78 93 10 0<br \/>Correo electr\u00f3nico: mail@febesol.es<\/p>\t\t\t\t\t\t\t\t<\/div>\n\t\t\t\t<\/div>\n\t\t\t\t\t<\/div>\n\t\t<\/div>\n\t\t\t\t\t<\/div>\n\t\t<\/section>\n\t\t\t\t<section class=\"elementor-section elementor-top-section elementor-element elementor-element-8eda16d elementor-section-boxed elementor-section-height-default elementor-section-height-default\" data-id=\"8eda16d\" data-element_type=\"section\" data-e-type=\"section\">\n\t\t\t\t\t\t<div class=\"elementor-container elementor-column-gap-default\">\n\t\t\t\t\t<div class=\"elementor-column elementor-col-100 elementor-top-column elementor-element elementor-element-a0cb50c\" data-id=\"a0cb50c\" data-element_type=\"column\" data-e-type=\"column\">\n\t\t\t<div class=\"elementor-widget-wrap elementor-element-populated\">\n\t\t\t\t\t\t<div class=\"elementor-element elementor-element-6c1abc8 elementor-widget elementor-widget-heading\" data-id=\"6c1abc8\" data-element_type=\"widget\" data-e-type=\"widget\" data-widget_type=\"heading.default\">\n\t\t\t\t<div class=\"elementor-widget-container\">\n\t\t\t\t\t<h2 class=\"elementor-heading-title elementor-size-default\">Realizaci\u00f3n t\u00e9cnica del sitio web:<\/h2>\t\t\t\t<\/div>\n\t\t\t\t<\/div>\n\t\t\t\t<div class=\"elementor-element elementor-element-6f728d4 elementor-widget elementor-widget-text-editor\" data-id=\"6f728d4\" data-element_type=\"widget\" data-e-type=\"widget\" data-widget_type=\"text-editor.default\">\n\t\t\t\t<div class=\"elementor-widget-container\">\n\t\t\t\t\t\t\t\t\t<p>Webtak &#8211; All Content Web Agentur auf <a href=\"https:\/\/webtak.de\">www.webtak.de<\/a><\/p>\t\t\t\t\t\t\t\t<\/div>\n\t\t\t\t<\/div>\n\t\t\t\t\t<\/div>\n\t\t<\/div>\n\t\t\t\t\t<\/div>\n\t\t<\/section>\n\t\t\t\t<section class=\"elementor-section elementor-top-section elementor-element elementor-element-7db16d5 elementor-section-boxed elementor-section-height-default elementor-section-height-default\" data-id=\"7db16d5\" data-element_type=\"section\" data-e-type=\"section\">\n\t\t\t\t\t\t<div class=\"elementor-container elementor-column-gap-default\">\n\t\t\t\t\t<div class=\"elementor-column elementor-col-100 elementor-top-column elementor-element elementor-element-d22999e\" data-id=\"d22999e\" data-element_type=\"column\" data-e-type=\"column\">\n\t\t\t<div class=\"elementor-widget-wrap elementor-element-populated\">\n\t\t\t\t\t\t<div class=\"elementor-element elementor-element-0bb65f4 elementor-widget elementor-widget-heading\" data-id=\"0bb65f4\" data-element_type=\"widget\" data-e-type=\"widget\" data-widget_type=\"heading.default\">\n\t\t\t\t<div class=\"elementor-widget-container\">\n\t\t\t\t\t<h2 class=\"elementor-heading-title elementor-size-default\">Fotos y v\u00eddeos:<\/h2>\t\t\t\t<\/div>\n\t\t\t\t<\/div>\n\t\t\t\t<div class=\"elementor-element elementor-element-2c1e9be elementor-widget elementor-widget-text-editor\" data-id=\"2c1e9be\" data-element_type=\"widget\" data-e-type=\"widget\" data-widget_type=\"text-editor.default\">\n\t\t\t\t<div class=\"elementor-widget-container\">\n\t\t\t\t\t\t\t\t\t<p>Webtak &#8211; All Content Web Agentur auf <a href=\"https:\/\/webtak.de\">www.webtak.de<\/a><\/p>\t\t\t\t\t\t\t\t<\/div>\n\t\t\t\t<\/div>\n\t\t\t\t<div class=\"elementor-element elementor-element-6d58a2f elementor-widget elementor-widget-text-editor\" data-id=\"6d58a2f\" data-element_type=\"widget\" data-e-type=\"widget\" data-widget_type=\"text-editor.default\">\n\t\t\t\t<div class=\"elementor-widget-container\">\n\t\t\t\t\t\t\t\t\t<p>KabelEins<\/p>\t\t\t\t\t\t\t\t<\/div>\n\t\t\t\t<\/div>\n\t\t\t\t<div class=\"elementor-element elementor-element-bdba3de elementor-widget elementor-widget-text-editor\" data-id=\"bdba3de\" data-element_type=\"widget\" data-e-type=\"widget\" data-widget_type=\"text-editor.default\">\n\t\t\t\t<div class=\"elementor-widget-container\">\n\t\t\t\t\t\t\t\t\t<p>NPG-Digital<\/p>\t\t\t\t\t\t\t\t<\/div>\n\t\t\t\t<\/div>\n\t\t\t\t\t<\/div>\n\t\t<\/div>\n\t\t\t\t\t<\/div>\n\t\t<\/section>\n\t\t\t\t<section class=\"elementor-section elementor-top-section elementor-element elementor-element-5070ad2 elementor-section-boxed elementor-section-height-default elementor-section-height-default\" data-id=\"5070ad2\" data-element_type=\"section\" data-e-type=\"section\">\n\t\t\t\t\t\t<div class=\"elementor-container elementor-column-gap-default\">\n\t\t\t\t\t<div class=\"elementor-column elementor-col-100 elementor-top-column elementor-element elementor-element-118c81b\" data-id=\"118c81b\" data-element_type=\"column\" data-e-type=\"column\">\n\t\t\t<div class=\"elementor-widget-wrap elementor-element-populated\">\n\t\t\t\t\t\t<div class=\"elementor-element elementor-element-e0e94b4 elementor-widget elementor-widget-heading\" data-id=\"e0e94b4\" data-element_type=\"widget\" data-e-type=\"widget\" data-widget_type=\"heading.default\">\n\t\t\t\t<div class=\"elementor-widget-container\">\n\t\t\t\t\t<h2 class=\"elementor-heading-title elementor-size-default\">Descargo de responsabilidad<\/h2>\t\t\t\t<\/div>\n\t\t\t\t<\/div>\n\t\t\t\t<div class=\"elementor-element elementor-element-239f31a elementor-widget elementor-widget-text-editor\" data-id=\"239f31a\" data-element_type=\"widget\" data-e-type=\"widget\" data-widget_type=\"text-editor.default\">\n\t\t\t\t<div class=\"elementor-widget-container\">\n\t\t\t\t\t\t\t\t\t<p><strong>Responsabilidad por los contenidos<\/strong><\/p><p>Como proveedor de servicios, somos responsables de los contenidos propios de estas p\u00e1ginas de acuerdo con el art\u00edculo 7 (1) de la TMG (Ley alemana de medios de telecomunicaci\u00f3n) y la legislaci\u00f3n general. Sin embargo, seg\u00fan los \u00a7\u00a7 8 a 10 de la TMG, como proveedor de servicios no estamos obligados a controlar la informaci\u00f3n ajena transmitida o almacenada ni a investigar circunstancias que indiquen una actividad ilegal. Esto no afecta a las obligaciones de eliminar o bloquear el uso de informaci\u00f3n de conformidad con la legislaci\u00f3n general. Sin embargo, la responsabilidad a este respecto s\u00f3lo es posible a partir del momento en que se tiene conocimiento de una infracci\u00f3n concreta. En cuanto tengamos conocimiento de tales infracciones, eliminaremos inmediatamente estos contenidos.<\/p><p><strong>Responsabilidad por enlaces<\/strong><\/p><p>Nuestro sitio web contiene enlaces a sitios web externos de terceros sobre cuyo contenido no tenemos ninguna influencia. Por lo tanto, no podemos aceptar ninguna responsabilidad por este contenido de terceros. El respectivo proveedor u operador de las p\u00e1ginas es siempre responsable del contenido de las p\u00e1ginas enlazadas. Las p\u00e1ginas enlazadas fueron revisadas en el momento de su vinculaci\u00f3n para detectar posibles infracciones legales. En el momento de establecer el enlace no se detectaron contenidos ilegales. Sin embargo, no es razonable un control permanente de los contenidos de las p\u00e1ginas enlazadas sin pruebas concretas de una infracci\u00f3n. Si tenemos conocimiento de alguna infracci\u00f3n legal, eliminaremos dichos enlaces inmediatamente.<\/p><p><strong>Derechos de autor<\/strong><\/p><p>Los contenidos y obras creados por los operadores de estas p\u00e1ginas est\u00e1n sujetos a la legislaci\u00f3n alemana sobre derechos de autor. La reproducci\u00f3n, el procesamiento, la distribuci\u00f3n y cualquier tipo de utilizaci\u00f3n fuera de los l\u00edmites de la ley de derechos de autor requieren el consentimiento por escrito del respectivo autor o creador. Las descargas y copias de este sitio s\u00f3lo est\u00e1n permitidas para uso privado y no comercial. En la medida en que el contenido de este sitio no haya sido creado por el operador, se respetan los derechos de autor de terceros. En particular, los contenidos de terceros est\u00e1n etiquetados como tales. No obstante, si tiene conocimiento de una infracci\u00f3n de los derechos de autor, le rogamos que nos lo comunique. Si tenemos conocimiento de alguna infracci\u00f3n, eliminaremos inmediatamente dicho contenido.<\/p>\t\t\t\t\t\t\t\t<\/div>\n\t\t\t\t<\/div>\n\t\t\t\t\t<\/div>\n\t\t<\/div>\n\t\t\t\t\t<\/div>\n\t\t<\/section>\n\t\t\t\t<\/div>\n\t\t","protected":false},"excerpt":{"rendered":"<p>Pie de imprenta FEBESOL GmbH Opelstr. 19 68789 St. Leon- Rot Representada por los directores gerentes: Daniel Fellhauer, Daniel Bender, Thomas Kercher Responsable del contenido: Daniel Fellhauer y Daniel Bender M\u00e1s informaci\u00f3n Tribunal de registro: Juzgado municipal de Mannheim N\u00famero de registro: HRB 745234 N\u00famero de identificaci\u00f3n fiscal: DE358012350 Tel\u00e9fono: 06227 &#8211; 78 93 10 [&hellip;]<\/p>\n","protected":false},"author":2,"featured_media":0,"parent":0,"menu_order":0,"comment_status":"closed","ping_status":"closed","template":"elementor_header_footer","meta":{"site-sidebar-layout":"default","site-content-layout":"","ast-site-content-layout":"default","site-content-style":"default","site-sidebar-style":"default","ast-global-header-display":"","ast-banner-title-visibility":"","ast-main-header-display":"","ast-hfb-above-header-display":"","ast-hfb-below-header-display":"","ast-hfb-mobile-header-display":"","site-post-title":"","ast-breadcrumbs-content":"","ast-featured-img":"","footer-sml-layout":"","ast-disable-related-posts":"","theme-transparent-header-meta":"default","adv-header-id-meta":"","stick-header-meta":"default","header-above-stick-meta":"","header-main-stick-meta":"","header-below-stick-meta":"","astra-migrate-meta-layouts":"set","ast-page-background-enabled":"default","ast-page-background-meta":{"desktop":{"background-color":"","background-image":"","background-repeat":"repeat","background-position":"center center","background-size":"auto","background-attachment":"scroll","background-type":"","background-media":"","overlay-type":"","overlay-color":"","overlay-opacity":"","overlay-gradient":""},"tablet":{"background-color":"","background-image":"","background-repeat":"repeat","background-position":"center center","background-size":"auto","background-attachment":"scroll","background-type":"","background-media":"","overlay-type":"","overlay-color":"","overlay-opacity":"","overlay-gradient":""},"mobile":{"background-color":"","background-image":"","background-repeat":"repeat","background-position":"center center","background-size":"auto","background-attachment":"scroll","background-type":"","background-media":"","overlay-type":"","overlay-color":"","overlay-opacity":"","overlay-gradient":""}},"ast-content-background-meta":{"desktop":{"background-color":"var(--ast-global-color-5)","background-image":"","background-repeat":"repeat","background-position":"center center","background-size":"auto","background-attachment":"scroll","background-type":"","background-media":"","overlay-type":"","overlay-color":"","overlay-opacity":"","overlay-gradient":""},"tablet":{"background-color":"var(--ast-global-color-5)","background-image":"","background-repeat":"repeat","background-position":"center center","background-size":"auto","background-attachment":"scroll","background-type":"","background-media":"","overlay-type":"","overlay-color":"","overlay-opacity":"","overlay-gradient":""},"mobile":{"background-color":"var(--ast-global-color-5)","background-image":"","background-repeat":"repeat","background-position":"center center","background-size":"auto","background-attachment":"scroll","background-type":"","background-media":"","overlay-type":"","overlay-color":"","overlay-opacity":"","overlay-gradient":""}},"footnotes":""},"folder":[47],"class_list":["post-4167","page","type-page","status-publish","hentry"],"yoast_head":"<!-- This site is optimized with the Yoast SEO plugin v27.5 - https:\/\/yoast.com\/product\/yoast-seo-wordpress\/ -->\n<title>Pie de imprenta<\/title>\n<meta name=\"description\" content=\"El sello de FEBESOL Mallorca: Descubra qui\u00e9nes somos y qu\u00e9 forma jur\u00eddica utilizamos. Encontrar datos de contacto\" \/>\n<meta name=\"robots\" content=\"index, follow, max-snippet:-1, max-image-preview:large, max-video-preview:-1\" \/>\n<link rel=\"canonical\" href=\"https:\/\/febesol.es\/es\/pie-de-imprenta\/\" \/>\n<meta property=\"og:locale\" content=\"es_ES\" \/>\n<meta property=\"og:type\" content=\"article\" \/>\n<meta property=\"og:title\" content=\"Pie de imprenta\" \/>\n<meta property=\"og:description\" content=\"El sello de FEBESOL Mallorca: Descubra qui\u00e9nes somos y qu\u00e9 forma jur\u00eddica utilizamos. Encontrar datos de contacto\" \/>\n<meta property=\"og:url\" content=\"https:\/\/febesol.es\/es\/pie-de-imprenta\/\" \/>\n<meta property=\"og:site_name\" content=\"FEBESOL\" \/>\n<meta property=\"article:modified_time\" content=\"2024-02-07T08:59:36+00:00\" \/>\n<meta name=\"twitter:card\" content=\"summary_large_image\" \/>\n<meta name=\"twitter:label1\" content=\"Tiempo de lectura\" \/>\n\t<meta name=\"twitter:data1\" content=\"2 minutos\" \/>\n<script type=\"application\/ld+json\" class=\"yoast-schema-graph\">{\"@context\":\"https:\\\/\\\/schema.org\",\"@graph\":[{\"@type\":\"WebPage\",\"@id\":\"https:\\\/\\\/febesol.es\\\/es\\\/pie-de-imprenta\\\/\",\"url\":\"https:\\\/\\\/febesol.es\\\/es\\\/pie-de-imprenta\\\/\",\"name\":\"Pie de imprenta\",\"isPartOf\":{\"@id\":\"https:\\\/\\\/febesol.es\\\/es\\\/#website\"},\"datePublished\":\"2022-04-25T12:23:49+00:00\",\"dateModified\":\"2024-02-07T08:59:36+00:00\",\"description\":\"El sello de FEBESOL Mallorca: Descubra qui\u00e9nes somos y qu\u00e9 forma jur\u00eddica utilizamos. Encontrar datos de contacto\",\"breadcrumb\":{\"@id\":\"https:\\\/\\\/febesol.es\\\/es\\\/pie-de-imprenta\\\/#breadcrumb\"},\"inLanguage\":\"es\",\"potentialAction\":[{\"@type\":\"ReadAction\",\"target\":[\"https:\\\/\\\/febesol.es\\\/es\\\/pie-de-imprenta\\\/\"]}]},{\"@type\":\"BreadcrumbList\",\"@id\":\"https:\\\/\\\/febesol.es\\\/es\\\/pie-de-imprenta\\\/#breadcrumb\",\"itemListElement\":[{\"@type\":\"ListItem\",\"position\":1,\"name\":\"Startseite\",\"item\":\"https:\\\/\\\/febesol.es\\\/es\\\/\"},{\"@type\":\"ListItem\",\"position\":2,\"name\":\"Pie de imprenta\"}]},{\"@type\":\"WebSite\",\"@id\":\"https:\\\/\\\/febesol.es\\\/es\\\/#website\",\"url\":\"https:\\\/\\\/febesol.es\\\/es\\\/\",\"name\":\"FEBESOL\",\"description\":\"SU EMPRESA ESPECIALIZADA EN PANELES SOLARES\",\"publisher\":{\"@id\":\"https:\\\/\\\/febesol.es\\\/es\\\/#organization\"},\"potentialAction\":[{\"@type\":\"SearchAction\",\"target\":{\"@type\":\"EntryPoint\",\"urlTemplate\":\"https:\\\/\\\/febesol.es\\\/es\\\/?s={search_term_string}\"},\"query-input\":{\"@type\":\"PropertyValueSpecification\",\"valueRequired\":true,\"valueName\":\"search_term_string\"}}],\"inLanguage\":\"es\"},{\"@type\":\"Organization\",\"@id\":\"https:\\\/\\\/febesol.es\\\/es\\\/#organization\",\"name\":\"FEBESOL\",\"url\":\"https:\\\/\\\/febesol.es\\\/es\\\/\",\"logo\":{\"@type\":\"ImageObject\",\"inLanguage\":\"es\",\"@id\":\"https:\\\/\\\/febesol.es\\\/es\\\/#\\\/schema\\\/logo\\\/image\\\/\",\"url\":\"https:\\\/\\\/febesol.es\\\/wp-content\\\/uploads\\\/2023\\\/06\\\/cropped-Febesol_Logo_Transparent_W-01.png\",\"contentUrl\":\"https:\\\/\\\/febesol.es\\\/wp-content\\\/uploads\\\/2023\\\/06\\\/cropped-Febesol_Logo_Transparent_W-01.png\",\"width\":750,\"height\":189,\"caption\":\"FEBESOL\"},\"image\":{\"@id\":\"https:\\\/\\\/febesol.es\\\/es\\\/#\\\/schema\\\/logo\\\/image\\\/\"}}]}<\/script>\n<!-- \/ Yoast SEO plugin. -->","yoast_head_json":{"title":"Pie de imprenta","description":"El sello de FEBESOL Mallorca: Descubra qui\u00e9nes somos y qu\u00e9 forma jur\u00eddica utilizamos. Encontrar datos de contacto","robots":{"index":"index","follow":"follow","max-snippet":"max-snippet:-1","max-image-preview":"max-image-preview:large","max-video-preview":"max-video-preview:-1"},"canonical":"https:\/\/febesol.es\/es\/pie-de-imprenta\/","og_locale":"es_ES","og_type":"article","og_title":"Pie de imprenta","og_description":"El sello de FEBESOL Mallorca: Descubra qui\u00e9nes somos y qu\u00e9 forma jur\u00eddica utilizamos. Encontrar datos de contacto","og_url":"https:\/\/febesol.es\/es\/pie-de-imprenta\/","og_site_name":"FEBESOL","article_modified_time":"2024-02-07T08:59:36+00:00","twitter_card":"summary_large_image","twitter_misc":{"Tiempo de lectura":"2 minutos"},"schema":{"@context":"https:\/\/schema.org","@graph":[{"@type":"WebPage","@id":"https:\/\/febesol.es\/es\/pie-de-imprenta\/","url":"https:\/\/febesol.es\/es\/pie-de-imprenta\/","name":"Pie de imprenta","isPartOf":{"@id":"https:\/\/febesol.es\/es\/#website"},"datePublished":"2022-04-25T12:23:49+00:00","dateModified":"2024-02-07T08:59:36+00:00","description":"El sello de FEBESOL Mallorca: Descubra qui\u00e9nes somos y qu\u00e9 forma jur\u00eddica utilizamos. Encontrar datos de contacto","breadcrumb":{"@id":"https:\/\/febesol.es\/es\/pie-de-imprenta\/#breadcrumb"},"inLanguage":"es","potentialAction":[{"@type":"ReadAction","target":["https:\/\/febesol.es\/es\/pie-de-imprenta\/"]}]},{"@type":"BreadcrumbList","@id":"https:\/\/febesol.es\/es\/pie-de-imprenta\/#breadcrumb","itemListElement":[{"@type":"ListItem","position":1,"name":"Startseite","item":"https:\/\/febesol.es\/es\/"},{"@type":"ListItem","position":2,"name":"Pie de imprenta"}]},{"@type":"WebSite","@id":"https:\/\/febesol.es\/es\/#website","url":"https:\/\/febesol.es\/es\/","name":"FEBESOL","description":"SU EMPRESA ESPECIALIZADA EN PANELES SOLARES","publisher":{"@id":"https:\/\/febesol.es\/es\/#organization"},"potentialAction":[{"@type":"SearchAction","target":{"@type":"EntryPoint","urlTemplate":"https:\/\/febesol.es\/es\/?s={search_term_string}"},"query-input":{"@type":"PropertyValueSpecification","valueRequired":true,"valueName":"search_term_string"}}],"inLanguage":"es"},{"@type":"Organization","@id":"https:\/\/febesol.es\/es\/#organization","name":"FEBESOL","url":"https:\/\/febesol.es\/es\/","logo":{"@type":"ImageObject","inLanguage":"es","@id":"https:\/\/febesol.es\/es\/#\/schema\/logo\/image\/","url":"https:\/\/febesol.es\/wp-content\/uploads\/2023\/06\/cropped-Febesol_Logo_Transparent_W-01.png","contentUrl":"https:\/\/febesol.es\/wp-content\/uploads\/2023\/06\/cropped-Febesol_Logo_Transparent_W-01.png","width":750,"height":189,"caption":"FEBESOL"},"image":{"@id":"https:\/\/febesol.es\/es\/#\/schema\/logo\/image\/"}}]}},"_links":{"self":[{"href":"https:\/\/febesol.es\/es\/wp-json\/wp\/v2\/pages\/4167","targetHints":{"allow":["GET"]}}],"collection":[{"href":"https:\/\/febesol.es\/es\/wp-json\/wp\/v2\/pages"}],"about":[{"href":"https:\/\/febesol.es\/es\/wp-json\/wp\/v2\/types\/page"}],"author":[{"embeddable":true,"href":"https:\/\/febesol.es\/es\/wp-json\/wp\/v2\/users\/2"}],"replies":[{"embeddable":true,"href":"https:\/\/febesol.es\/es\/wp-json\/wp\/v2\/comments?post=4167"}],"version-history":[{"count":5,"href":"https:\/\/febesol.es\/es\/wp-json\/wp\/v2\/pages\/4167\/revisions"}],"predecessor-version":[{"id":12838,"href":"https:\/\/febesol.es\/es\/wp-json\/wp\/v2\/pages\/4167\/revisions\/12838"}],"wp:attachment":[{"href":"https:\/\/febesol.es\/es\/wp-json\/wp\/v2\/media?parent=4167"}],"wp:term":[{"taxonomy":"folder","embeddable":true,"href":"https:\/\/febesol.es\/es\/wp-json\/wp\/v2\/folder?post=4167"}],"curies":[{"name":"wp","href":"https:\/\/api.w.org\/{rel}","templated":true}]}}